{"id":938,"date":"2020-12-30T10:45:14","date_gmt":"2020-12-30T10:45:14","guid":{"rendered":"https:\/\/miguelruibal.com\/?post_type=product&#038;p=938"},"modified":"2020-12-30T12:01:29","modified_gmt":"2020-12-30T12:01:29","slug":"desde-la-caja-ii","status":"publish","type":"product","link":"https:\/\/www.miguelruibal.com\/en\/product\/desde-la-caja-ii\/","title":{"rendered":"from the box II"},"content":{"rendered":"<p>17 x 19,5 cm<br \/>\ninks and acrylics on rustic carboard<\/p>","protected":false},"excerpt":{"rendered":"<p>17 x 19,5 cm tintas y acr\u00edlicos sobre cart\u00f3n r\u00fastico<\/p>","protected":false},"featured_media":913,"template":"","meta":{"nf_dc_page":"","om_disable_all_campaigns":false,"_monsterinsights_skip_tracking":false,"_monsterinsights_sitenote_active":false,"_monsterinsights_sitenote_note":"","_monsterinsights_sitenote_category":0},"product_brand":[],"product_cat":[18],"product_tag":[],"class_list":{"0":"post-938","1":"product","2":"type-product","3":"status-publish","4":"has-post-thumbnail","6":"product_cat-cartones","8":"first","9":"instock","10":"sold-individually","11":"shipping-taxable","12":"purchasable","13":"product-type-simple"},"jetpack_sharing_enabled":true,"_links":{"self":[{"href":"https:\/\/www.miguelruibal.com\/en\/wp-json\/wp\/v2\/product\/938","targetHints":{"allow":["GET"]}}],"collection":[{"href":"https:\/\/www.miguelruibal.com\/en\/wp-json\/wp\/v2\/product"}],"about":[{"href":"https:\/\/www.miguelruibal.com\/en\/wp-json\/wp\/v2\/types\/product"}],"version-history":[{"count":0,"href":"https:\/\/www.miguelruibal.com\/en\/wp-json\/wp\/v2\/product\/938\/revisions"}],"wp:featuredmedia":[{"embeddable":true,"href":"https:\/\/www.miguelruibal.com\/en\/wp-json\/wp\/v2\/media\/913"}],"wp:attachment":[{"href":"https:\/\/www.miguelruibal.com\/en\/wp-json\/wp\/v2\/media?parent=938"}],"wp:term":[{"taxonomy":"product_brand","embeddable":true,"href":"https:\/\/www.miguelruibal.com\/en\/wp-json\/wp\/v2\/product_brand?post=938"},{"taxonomy":"product_cat","embeddable":true,"href":"https:\/\/www.miguelruibal.com\/en\/wp-json\/wp\/v2\/product_cat?post=938"},{"taxonomy":"product_tag","embeddable":true,"href":"https:\/\/www.miguelruibal.com\/en\/wp-json\/wp\/v2\/product_tag?post=938"}],"curies":[{"name":"wp","href":"https:\/\/api.w.org\/{rel}","templated":true}]}}