{"id":923,"date":"2020-12-30T09:41:54","date_gmt":"2020-12-30T09:41:54","guid":{"rendered":"https:\/\/miguelruibal.com\/?post_type=product&#038;p=923"},"modified":"2020-12-30T12:02:05","modified_gmt":"2020-12-30T12:02:05","slug":"cercanos","status":"publish","type":"product","link":"https:\/\/www.miguelruibal.com\/en\/product\/cercanos\/","title":{"rendered":"close"},"content":{"rendered":"<p>19,5 x 27 cm<br \/>\ninks and acrylics on rustic carboard<\/p>","protected":false},"excerpt":{"rendered":"<p>19,5 x 27 cm tintas y acr\u00edlicos sobre cart\u00f3n r\u00fastico<\/p>","protected":false},"featured_media":919,"template":"","meta":{"nf_dc_page":"","om_disable_all_campaigns":false,"_monsterinsights_skip_tracking":false,"_monsterinsights_sitenote_active":false,"_monsterinsights_sitenote_note":"","_monsterinsights_sitenote_category":0},"product_brand":[],"product_cat":[18],"product_tag":[],"class_list":{"0":"post-923","1":"product","2":"type-product","3":"status-publish","4":"has-post-thumbnail","6":"product_cat-cartones","8":"first","9":"instock","10":"sold-individually","11":"shipping-taxable","12":"purchasable","13":"product-type-simple"},"jetpack_sharing_enabled":true,"_links":{"self":[{"href":"https:\/\/www.miguelruibal.com\/en\/wp-json\/wp\/v2\/product\/923","targetHints":{"allow":["GET"]}}],"collection":[{"href":"https:\/\/www.miguelruibal.com\/en\/wp-json\/wp\/v2\/product"}],"about":[{"href":"https:\/\/www.miguelruibal.com\/en\/wp-json\/wp\/v2\/types\/product"}],"version-history":[{"count":0,"href":"https:\/\/www.miguelruibal.com\/en\/wp-json\/wp\/v2\/product\/923\/revisions"}],"wp:featuredmedia":[{"embeddable":true,"href":"https:\/\/www.miguelruibal.com\/en\/wp-json\/wp\/v2\/media\/919"}],"wp:attachment":[{"href":"https:\/\/www.miguelruibal.com\/en\/wp-json\/wp\/v2\/media?parent=923"}],"wp:term":[{"taxonomy":"product_brand","embeddable":true,"href":"https:\/\/www.miguelruibal.com\/en\/wp-json\/wp\/v2\/product_brand?post=923"},{"taxonomy":"product_cat","embeddable":true,"href":"https:\/\/www.miguelruibal.com\/en\/wp-json\/wp\/v2\/product_cat?post=923"},{"taxonomy":"product_tag","embeddable":true,"href":"https:\/\/www.miguelruibal.com\/en\/wp-json\/wp\/v2\/product_tag?post=923"}],"curies":[{"name":"wp","href":"https:\/\/api.w.org\/{rel}","templated":true}]}}