{"id":1770,"date":"2021-01-07T20:40:26","date_gmt":"2021-01-07T20:40:26","guid":{"rendered":"https:\/\/miguelruibal.com\/?post_type=product&#038;p=1770"},"modified":"2021-01-07T20:43:28","modified_gmt":"2021-01-07T20:43:28","slug":"troquelado-ii","status":"publish","type":"product","link":"https:\/\/www.miguelruibal.com\/en\/product\/troquelado-ii\/","title":{"rendered":"die cut II"},"content":{"rendered":"<p>21 x 29 cm<br \/>\nink, acrylics, coffee and collage on box of industrial cardboard<\/p>","protected":false},"excerpt":{"rendered":"<p>21 x 29 cm tinta, acr\u00edlicos, caf\u00e9 y collage sobre caja de cart\u00f3n industrial<\/p>","protected":false},"featured_media":1748,"template":"","meta":{"nf_dc_page":"","om_disable_all_campaigns":false,"_monsterinsights_skip_tracking":false,"_monsterinsights_sitenote_active":false,"_monsterinsights_sitenote_note":"","_monsterinsights_sitenote_category":0},"product_brand":[],"product_cat":[21],"product_tag":[],"class_list":{"0":"post-1770","1":"product","2":"type-product","3":"status-publish","4":"has-post-thumbnail","6":"product_cat-tecnicas-mixtas","8":"first","9":"instock","10":"sold-individually","11":"shipping-taxable","12":"purchasable","13":"product-type-simple"},"jetpack_sharing_enabled":true,"_links":{"self":[{"href":"https:\/\/www.miguelruibal.com\/en\/wp-json\/wp\/v2\/product\/1770","targetHints":{"allow":["GET"]}}],"collection":[{"href":"https:\/\/www.miguelruibal.com\/en\/wp-json\/wp\/v2\/product"}],"about":[{"href":"https:\/\/www.miguelruibal.com\/en\/wp-json\/wp\/v2\/types\/product"}],"version-history":[{"count":1,"href":"https:\/\/www.miguelruibal.com\/en\/wp-json\/wp\/v2\/product\/1770\/revisions"}],"predecessor-version":[{"id":1777,"href":"https:\/\/www.miguelruibal.com\/en\/wp-json\/wp\/v2\/product\/1770\/revisions\/1777"}],"wp:featuredmedia":[{"embeddable":true,"href":"https:\/\/www.miguelruibal.com\/en\/wp-json\/wp\/v2\/media\/1748"}],"wp:attachment":[{"href":"https:\/\/www.miguelruibal.com\/en\/wp-json\/wp\/v2\/media?parent=1770"}],"wp:term":[{"taxonomy":"product_brand","embeddable":true,"href":"https:\/\/www.miguelruibal.com\/en\/wp-json\/wp\/v2\/product_brand?post=1770"},{"taxonomy":"product_cat","embeddable":true,"href":"https:\/\/www.miguelruibal.com\/en\/wp-json\/wp\/v2\/product_cat?post=1770"},{"taxonomy":"product_tag","embeddable":true,"href":"https:\/\/www.miguelruibal.com\/en\/wp-json\/wp\/v2\/product_tag?post=1770"}],"curies":[{"name":"wp","href":"https:\/\/api.w.org\/{rel}","templated":true}]}}