{"id":1734,"date":"2021-01-05T20:37:48","date_gmt":"2021-01-05T20:37:48","guid":{"rendered":"https:\/\/miguelruibal.com\/?post_type=product&#038;p=1734"},"modified":"2021-01-05T20:38:49","modified_gmt":"2021-01-05T20:38:49","slug":"acertijo","status":"publish","type":"product","link":"https:\/\/www.miguelruibal.com\/en\/product\/acertijo\/","title":{"rendered":"riddle"},"content":{"rendered":"<p>24 x 21 cm<br \/>\ninks and acrylics on rustic carboard<\/p>","protected":false},"excerpt":{"rendered":"<p>24 x 21 cm tintas y acr\u00edlicos sobre cart\u00f3n r\u00fastico<\/p>","protected":false},"featured_media":1673,"template":"","meta":{"nf_dc_page":"","om_disable_all_campaigns":false,"_monsterinsights_skip_tracking":false,"_monsterinsights_sitenote_active":false,"_monsterinsights_sitenote_note":"","_monsterinsights_sitenote_category":0},"product_brand":[],"product_cat":[18],"product_tag":[],"class_list":{"0":"post-1734","1":"product","2":"type-product","3":"status-publish","4":"has-post-thumbnail","6":"product_cat-cartones","8":"first","9":"instock","10":"sold-individually","11":"shipping-taxable","12":"purchasable","13":"product-type-simple"},"jetpack_sharing_enabled":true,"_links":{"self":[{"href":"https:\/\/www.miguelruibal.com\/en\/wp-json\/wp\/v2\/product\/1734","targetHints":{"allow":["GET"]}}],"collection":[{"href":"https:\/\/www.miguelruibal.com\/en\/wp-json\/wp\/v2\/product"}],"about":[{"href":"https:\/\/www.miguelruibal.com\/en\/wp-json\/wp\/v2\/types\/product"}],"version-history":[{"count":1,"href":"https:\/\/www.miguelruibal.com\/en\/wp-json\/wp\/v2\/product\/1734\/revisions"}],"predecessor-version":[{"id":1735,"href":"https:\/\/www.miguelruibal.com\/en\/wp-json\/wp\/v2\/product\/1734\/revisions\/1735"}],"wp:featuredmedia":[{"embeddable":true,"href":"https:\/\/www.miguelruibal.com\/en\/wp-json\/wp\/v2\/media\/1673"}],"wp:attachment":[{"href":"https:\/\/www.miguelruibal.com\/en\/wp-json\/wp\/v2\/media?parent=1734"}],"wp:term":[{"taxonomy":"product_brand","embeddable":true,"href":"https:\/\/www.miguelruibal.com\/en\/wp-json\/wp\/v2\/product_brand?post=1734"},{"taxonomy":"product_cat","embeddable":true,"href":"https:\/\/www.miguelruibal.com\/en\/wp-json\/wp\/v2\/product_cat?post=1734"},{"taxonomy":"product_tag","embeddable":true,"href":"https:\/\/www.miguelruibal.com\/en\/wp-json\/wp\/v2\/product_tag?post=1734"}],"curies":[{"name":"wp","href":"https:\/\/api.w.org\/{rel}","templated":true}]}}