{"id":3,"date":"2020-11-09T22:10:47","date_gmt":"2020-11-09T22:10:47","guid":{"rendered":"https:\/\/box5276\/cgi\/addon_GT.cgi?s=GT::WP::Install::EIG+%28miguelt8%29+-+10.24.48.84+%5BWordPress%3b+\/var\/hp\/common\/lib\/WordPress.pm%3b+294%3b+Hosting::gap_call%5D\/?page_id=3"},"modified":"2021-01-23T18:50:07","modified_gmt":"2021-01-23T17:50:07","slug":"privacy-policy","status":"publish","type":"page","link":"https:\/\/www.miguelruibal.com\/en\/privacy-policy\/","title":{"rendered":"Privacy policy"},"content":{"rendered":"<h2>Who we are<\/h2>\r\n<p><!-- \/wp:post-content -->\r\n\r\n<!-- wp:paragraph --><\/p>\r\n<p>Nuestra direcci\u00f3n web es : https:\/\/www.miguelruibal.com.<\/p>\r\n<p><!-- \/wp:paragraph -->\r\n\r\n<!-- wp:heading --><\/p>\r\n<h2>What personal data we collect and why we collect it<\/h2>\r\n<p>While you visit our site, we\u2019ll track:<\/p>\r\n<ul>\r\n<li>Products you\u2019ve viewed: we\u2019ll use this to, for example, show you products you\u2019ve recently viewed<\/li>\r\n<li>Location, IP address and browser type: we\u2019ll use this for purposes like estimating shipping\u00a0<\/li>\r\n<li>Shipping address: we\u2019ll ask you to enter this so we can, for instance, estimate shipping before you place an order, and send you the order!\u00a0<\/li>\r\n<\/ul>\r\n<p><!-- \/wp:heading -->\r\n\r\n<!-- wp:heading {\"level\":3} --><\/p>\r\n<h3>Comments<\/h3>\r\n<p><!-- \/wp:heading -->\r\n\r\n<!-- wp:paragraph --><\/p>\r\n<p>When visitors leave comments on the site we collect the data shown in the comments form, and also the visitor\u2019s IP address and browser user agent string to help spam detection.\u00a0<\/p>\r\n<p><!-- \/wp:paragraph -->\r\n\r\n<!-- wp:paragraph --><\/p>\r\n<p><span class=\"JLqJ4b ChMk0b\" data-language-for-alternatives=\"es\" data-language-to-translate-into=\"en\" data-phrase-index=\"0\">An anonymized string created from your email address (also called a hash) may be provided to the Gravatar service to see if you are using it.<\/span> <span class=\"JLqJ4b ChMk0b\" data-language-for-alternatives=\"es\" data-language-to-translate-into=\"en\" data-phrase-index=\"1\">The Gravatar service privacy policy is available here: https:\/\/automattic.com\/privacy\/.<\/span> <span class=\"JLqJ4b ChMk0b\" data-language-for-alternatives=\"es\" data-language-to-translate-into=\"en\" data-phrase-index=\"2\">After approval of your comment, your profile picture is visible to the public in the context of your comment.<\/span><\/p>\r\n<p><!-- \/wp:paragraph -->\r\n\r\n<!-- wp:heading {\"level\":3} \/-->\r\n\r\n<!-- wp:heading {\"level\":3} --><\/p>\r\n<h3>Contact forms<\/h3>\r\n<p>We keep information included in contact form submissions for customer service purposes, but do not use the information submitted through them for marketing purposes.<\/p>\r\n<p><!-- \/wp:heading -->\r\n\r\n<!-- wp:heading {\"level\":3} --><\/p>\r\n<h3>Cookies<\/h3>\r\n<p><!-- \/wp:heading -->\r\n\r\n<!-- wp:paragraph --><\/p>\r\n<p><span class=\"JLqJ4b ChMk0b\" data-language-for-alternatives=\"es\" data-language-to-translate-into=\"en\" data-phrase-index=\"2\">If you leave a comment on our site you may opt-in to saving your name, email address and website in cookies.<\/span> <span class=\"JLqJ4b ChMk0b\" data-language-for-alternatives=\"es\" data-language-to-translate-into=\"en\" data-phrase-index=\"3\">These are for your convenience so that you do not have to fill in your details again when you leave another comment.<\/span> <span class=\"JLqJ4b ChMk0b\" data-language-for-alternatives=\"es\" data-language-to-translate-into=\"en\" data-phrase-index=\"4\">These cookies will last for one year.<\/span> <span class=\"JLqJ4b ChMk0b\" data-language-for-alternatives=\"es\" data-language-to-translate-into=\"en\" data-phrase-index=\"6\">We\u2019ll also use cookies to keep track of cart contents while you\u2019re browsing our site.<\/span><\/p>\r\n<p><!-- \/wp:paragraph -->\r\n\r\n<!-- wp:paragraph \/-->\r\n\r\n<!-- wp:heading {\"level\":3} --><\/p>\r\n<h3>Personal information<\/h3>\r\n<p><span class=\"JLqJ4b ChMk0b\" data-language-for-alternatives=\"es\" data-language-to-translate-into=\"en\" data-phrase-index=\"0\">We collect information about you (name, address, phone number and email address) during the checkout process on our store.<\/span> <span class=\"JLqJ4b ChMk0b\" data-language-for-alternatives=\"es\" data-language-to-translate-into=\"en\" data-phrase-index=\"1\">We use your personal information to process your order and provide you with customer service.<\/span> <span class=\"JLqJ4b ChMk0b\" data-language-for-alternatives=\"es\" data-language-to-translate-into=\"en\" data-phrase-index=\"2\">We will use your personal information to communicate with you about this site and your orders and deliveries.<\/span> <span class=\"JLqJ4b ChMk0b\" data-language-for-alternatives=\"es\" data-language-to-translate-into=\"en\" data-phrase-index=\"3\">We may internally use your personal information to improve this site\u2019s content and layout, to improve outreach and for our own marketing efforts (including marketing our services and products to you), and to determine general marketplace information about visitors to this site.<\/span><\/p>\r\n<p><!-- \/wp:heading -->\r\n\r\n<!-- wp:heading {\"level\":3} \/-->\r\n\r\n<!-- wp:heading --><\/p>\r\n<p>We do not sell, rent, trade, license or otherwise disclose your specific personal information or financial information to anyone.<\/p>\r\n<p><!-- \/wp:heading -->\r\n\r\n<!-- wp:heading --><\/p>\r\n<h2>How long we retain your data<\/h2>\r\n<p><!-- \/wp:heading -->\r\n\r\n<!-- wp:paragraph --><\/p>\r\n<p><span class=\"JLqJ4b ChMk0b\" data-language-for-alternatives=\"es\" data-language-to-translate-into=\"en\" data-phrase-index=\"0\">If you leave a comment, the comment and its metadata are retained indefinitely.<\/span> <span class=\"JLqJ4b ChMk0b\" data-language-for-alternatives=\"es\" data-language-to-translate-into=\"en\" data-phrase-index=\"1\">This is so we can recognize and approve any follow-up comments automatically instead of holding them in a moderation queue.<\/span> <span class=\"JLqJ4b ChMk0b\" data-language-for-alternatives=\"es\" data-language-to-translate-into=\"en\" data-phrase-index=\"3\">Your personal information will be retained for a maximum of 3 years.\u00a0<\/span><\/p>\r\n<p><!-- \/wp:paragraph -->\r\n\r\n<!-- wp:paragraph \/-->\r\n\r\n<!-- wp:heading --><\/p>\r\n<h2>What rights you have over your data<\/h2>\r\n<p><!-- \/wp:heading -->\r\n\r\n<!-- wp:paragraph --><\/p>\r\n<p><span class=\"JLqJ4b ChMk0b\" data-language-for-alternatives=\"es\" data-language-to-translate-into=\"en\" data-phrase-index=\"0\">If you have an account on this site, or have left comments, you can request to receive an exported file of the personal data we hold about you, including any data you have provided to us.<\/span> <span class=\"JLqJ4b ChMk0b\" data-language-for-alternatives=\"es\" data-language-to-translate-into=\"en\" data-phrase-index=\"1\">You can also request that we erase any personal data we hold about you.<\/span> <span class=\"JLqJ4b ChMk0b\" data-language-for-alternatives=\"es\" data-language-to-translate-into=\"en\" data-phrase-index=\"2\">This does not include any data we are obliged to keep for administrative, legal, or security purposes.<\/span> <span class=\"JLqJ4b ChMk0b\" data-language-for-alternatives=\"es\" data-language-to-translate-into=\"en\" data-phrase-index=\"3\">If you have any questions about the Policy, please contact us at miguelruibal.arte@gmail.com.<\/span><\/p>\r\n<h2 id=\"c321\" class=\"oBOnKe\">Where we send your data<\/h2>\r\n<p><!-- \/wp:paragraph -->\r\n\r\n<!-- wp:paragraph --><\/p>\r\n<p>Visitor comments may be checked through an automated spam detection service.<\/p>\r\n<h2>Payments<\/h2>\r\n<p><span class=\"JLqJ4b ChMk0b\" data-language-for-alternatives=\"es\" data-language-to-translate-into=\"en\" data-phrase-index=\"0\">We accept payments through PayPal.<\/span> <span class=\"JLqJ4b ChMk0b\" data-language-for-alternatives=\"es\" data-language-to-translate-into=\"en\" data-phrase-index=\"1\">When processing payments, some of your data will be passed to PayPal, including information required to process or support the payment, such as the purchase total and billing information.<\/span> <span class=\"JLqJ4b ChMk0b\" data-language-for-alternatives=\"es\" data-language-to-translate-into=\"en\" data-phrase-index=\"3\">Please see the\u00a0<\/span> (<a href=\"https:\/\/www.paypal.com\/us\/webapps\/mpp\/ua\/privacy-full\">PayPal Privacy Policy<\/a>for more details.<\/p>","protected":false},"excerpt":{"rendered":"<p>Qui\u00e9nes somos Nuestra direcci\u00f3n web es : https:\/\/www.miguelruibal.com. Qu\u00e9 informaci\u00f3n personal guardamos y porqu\u00e9 Mientras visitas nuestra p\u00e1gina, guardaremos: Productos que has visto: usaremos esto para, por ejemplo, mostrarte los&hellip;<\/p>","protected":false},"author":1,"featured_media":0,"parent":0,"menu_order":0,"comment_status":"closed","ping_status":"open","template":"","meta":{"nf_dc_page":"","om_disable_all_campaigns":false,"_monsterinsights_skip_tracking":false,"_monsterinsights_sitenote_active":false,"_monsterinsights_sitenote_note":"","_monsterinsights_sitenote_category":0,"footnotes":""},"class_list":["post-3","page","type-page","status-publish","hentry"],"jetpack_sharing_enabled":true,"_links":{"self":[{"href":"https:\/\/www.miguelruibal.com\/en\/wp-json\/wp\/v2\/pages\/3","targetHints":{"allow":["GET"]}}],"collection":[{"href":"https:\/\/www.miguelruibal.com\/en\/wp-json\/wp\/v2\/pages"}],"about":[{"href":"https:\/\/www.miguelruibal.com\/en\/wp-json\/wp\/v2\/types\/page"}],"author":[{"embeddable":true,"href":"https:\/\/www.miguelruibal.com\/en\/wp-json\/wp\/v2\/users\/1"}],"replies":[{"embeddable":true,"href":"https:\/\/www.miguelruibal.com\/en\/wp-json\/wp\/v2\/comments?post=3"}],"version-history":[{"count":6,"href":"https:\/\/www.miguelruibal.com\/en\/wp-json\/wp\/v2\/pages\/3\/revisions"}],"predecessor-version":[{"id":1871,"href":"https:\/\/www.miguelruibal.com\/en\/wp-json\/wp\/v2\/pages\/3\/revisions\/1871"}],"wp:attachment":[{"href":"https:\/\/www.miguelruibal.com\/en\/wp-json\/wp\/v2\/media?parent=3"}],"curies":[{"name":"wp","href":"https:\/\/api.w.org\/{rel}","templated":true}]}}