{"id":255,"date":"2020-11-09T22:46:51","date_gmt":"2020-11-09T21:46:51","guid":{"rendered":"https:\/\/miguelruibal.com\/\/?page_id=255"},"modified":"2021-01-24T19:33:16","modified_gmt":"2021-01-24T18:33:16","slug":"obras","status":"publish","type":"page","link":"https:\/\/www.miguelruibal.com\/en\/","title":{"rendered":"Home"},"content":{"rendered":"<div data-elementor-type=\"wp-page\" data-elementor-id=\"255\" class=\"elementor elementor-255\">\n\t\t\t\t\t\t<section class=\"elementor-section elementor-top-section elementor-element elementor-element-eb56dae elementor-section-stretched elementor-section-boxed elementor-section-height-default elementor-section-height-default\" data-id=\"eb56dae\" data-element_type=\"section\" data-e-type=\"section\" data-settings=\"{&quot;stretch_section&quot;:&quot;section-stretched&quot;}\">\n\t\t\t\t\t\t<div class=\"elementor-container elementor-column-gap-default\">\n\t\t\t\t\t<div class=\"elementor-column elementor-col-16 elementor-top-column elementor-element elementor-element-d3bdca3\" data-id=\"d3bdca3\" data-element_type=\"column\" data-e-type=\"column\">\n\t\t\t<div class=\"elementor-widget-wrap elementor-element-populated\">\n\t\t\t\t\t\t<div class=\"elementor-element elementor-element-8e627f7 elementor-widget elementor-widget-image\" data-id=\"8e627f7\" data-element_type=\"widget\" data-e-type=\"widget\" data-widget_type=\"image.default\">\n\t\t\t\t<div class=\"elementor-widget-container\">\n\t\t\t\t\t\t\t\t\t\t\t\t\t\t\t\t<a href=\"https:\/\/www.miguelruibal.com\/en\/de-la-musica\/\">\n\t\t\t\t\t\t\t<img fetchpriority=\"high\" decoding=\"async\" width=\"720\" height=\"1024\" src=\"https:\/\/i0.wp.com\/www.miguelruibal.com\/wp-content\/uploads\/2021\/01\/IMG_0014.jpg?fit=720%2C1024&ssl=1\" class=\"attachment-large size-large wp-image-1289\" alt=\"\" srcset=\"https:\/\/i0.wp.com\/www.miguelruibal.com\/wp-content\/uploads\/2021\/01\/IMG_0014.jpg?w=844&ssl=1 844w, https:\/\/i0.wp.com\/www.miguelruibal.com\/wp-content\/uploads\/2021\/01\/IMG_0014.jpg?resize=300%2C427&ssl=1 300w, https:\/\/i0.wp.com\/www.miguelruibal.com\/wp-content\/uploads\/2021\/01\/IMG_0014.jpg?resize=600%2C853&ssl=1 600w, https:\/\/i0.wp.com\/www.miguelruibal.com\/wp-content\/uploads\/2021\/01\/IMG_0014.jpg?resize=211%2C300&ssl=1 211w, https:\/\/i0.wp.com\/www.miguelruibal.com\/wp-content\/uploads\/2021\/01\/IMG_0014.jpg?resize=720%2C1024&ssl=1 720w, https:\/\/i0.wp.com\/www.miguelruibal.com\/wp-content\/uploads\/2021\/01\/IMG_0014.jpg?resize=768%2C1092&ssl=1 768w, https:\/\/i0.wp.com\/www.miguelruibal.com\/wp-content\/uploads\/2021\/01\/IMG_0014.jpg?resize=8%2C12&ssl=1 8w, https:\/\/i0.wp.com\/www.miguelruibal.com\/wp-content\/uploads\/2021\/01\/IMG_0014.jpg?resize=400%2C569&ssl=1 400w\" sizes=\"(max-width: 720px) 100vw, 720px\" \/>\t\t\t\t\t\t\t\t<\/a>\n\t\t\t\t\t\t\t\t\t\t\t\t\t\t\t<\/div>\n\t\t\t\t<\/div>\n\t\t\t\t<div class=\"elementor-element elementor-element-793a182 elementor-widget elementor-widget-heading\" data-id=\"793a182\" data-element_type=\"widget\" data-e-type=\"widget\" data-widget_type=\"heading.default\">\n\t\t\t\t<div class=\"elementor-widget-container\">\n\t\t\t\t\t<h2 class=\"elementor-heading-title elementor-size-large\"><a href=\"https:\/\/www.miguelruibal.com\/en\/de-la-musica\/\">of the music<\/a><\/h2>\t\t\t\t<\/div>\n\t\t\t\t<\/div>\n\t\t\t\t\t<\/div>\n\t\t<\/div>\n\t\t\t\t<div class=\"elementor-column elementor-col-16 elementor-top-column elementor-element elementor-element-74072e3\" data-id=\"74072e3\" data-element_type=\"column\" data-e-type=\"column\">\n\t\t\t<div class=\"elementor-widget-wrap elementor-element-populated\">\n\t\t\t\t\t\t<div class=\"elementor-element elementor-element-79069ed elementor-widget elementor-widget-image\" data-id=\"79069ed\" data-element_type=\"widget\" data-e-type=\"widget\" data-widget_type=\"image.default\">\n\t\t\t\t<div class=\"elementor-widget-container\">\n\t\t\t\t\t\t\t\t\t\t\t\t\t\t\t\t<a href=\"https:\/\/www.miguelruibal.com\/en\/?page_id=294\">\n\t\t\t\t\t\t\t<img decoding=\"async\" width=\"788\" height=\"1024\" src=\"https:\/\/i0.wp.com\/www.miguelruibal.com\/wp-content\/uploads\/2021\/01\/el-origen-del-problema.jpg?fit=788%2C1024&ssl=1\" class=\"attachment-large size-large wp-image-1678\" alt=\"\" srcset=\"https:\/\/i0.wp.com\/www.miguelruibal.com\/wp-content\/uploads\/2021\/01\/el-origen-del-problema.jpg?w=923&ssl=1 923w, https:\/\/i0.wp.com\/www.miguelruibal.com\/wp-content\/uploads\/2021\/01\/el-origen-del-problema.jpg?resize=300%2C390&ssl=1 300w, https:\/\/i0.wp.com\/www.miguelruibal.com\/wp-content\/uploads\/2021\/01\/el-origen-del-problema.jpg?resize=600%2C780&ssl=1 600w, https:\/\/i0.wp.com\/www.miguelruibal.com\/wp-content\/uploads\/2021\/01\/el-origen-del-problema.jpg?resize=231%2C300&ssl=1 231w, https:\/\/i0.wp.com\/www.miguelruibal.com\/wp-content\/uploads\/2021\/01\/el-origen-del-problema.jpg?resize=788%2C1024&ssl=1 788w, https:\/\/i0.wp.com\/www.miguelruibal.com\/wp-content\/uploads\/2021\/01\/el-origen-del-problema.jpg?resize=768%2C998&ssl=1 768w, https:\/\/i0.wp.com\/www.miguelruibal.com\/wp-content\/uploads\/2021\/01\/el-origen-del-problema.jpg?resize=9%2C12&ssl=1 9w, https:\/\/i0.wp.com\/www.miguelruibal.com\/wp-content\/uploads\/2021\/01\/el-origen-del-problema.jpg?resize=900%2C1170&ssl=1 900w, https:\/\/i0.wp.com\/www.miguelruibal.com\/wp-content\/uploads\/2021\/01\/el-origen-del-problema.jpg?resize=400%2C520&ssl=1 400w\" sizes=\"(max-width: 788px) 100vw, 788px\" \/>\t\t\t\t\t\t\t\t<\/a>\n\t\t\t\t\t\t\t\t\t\t\t\t\t\t\t<\/div>\n\t\t\t\t<\/div>\n\t\t\t\t<div class=\"elementor-element elementor-element-648e18d elementor-widget elementor-widget-heading\" data-id=\"648e18d\" data-element_type=\"widget\" data-e-type=\"widget\" data-widget_type=\"heading.default\">\n\t\t\t\t<div class=\"elementor-widget-container\">\n\t\t\t\t\t<h2 class=\"elementor-heading-title elementor-size-large\"><a href=\"https:\/\/www.miguelruibal.com\/en\/?page_id=294\">works on cardboard<\/a><\/h2>\t\t\t\t<\/div>\n\t\t\t\t<\/div>\n\t\t\t\t\t<\/div>\n\t\t<\/div>\n\t\t\t\t<div class=\"elementor-column elementor-col-16 elementor-top-column elementor-element elementor-element-50e9518\" data-id=\"50e9518\" data-element_type=\"column\" data-e-type=\"column\">\n\t\t\t<div class=\"elementor-widget-wrap elementor-element-populated\">\n\t\t\t\t\t\t<div class=\"elementor-element elementor-element-a23f4d1 elementor-widget elementor-widget-image\" data-id=\"a23f4d1\" data-element_type=\"widget\" data-e-type=\"widget\" data-widget_type=\"image.default\">\n\t\t\t\t<div class=\"elementor-widget-container\">\n\t\t\t\t\t\t\t\t\t\t\t\t\t\t\t\t<a href=\"https:\/\/www.miguelruibal.com\/en\/tecnicas-mixtas\/\">\n\t\t\t\t\t\t\t<img decoding=\"async\" width=\"717\" height=\"1024\" src=\"https:\/\/i0.wp.com\/www.miguelruibal.com\/wp-content\/uploads\/2020\/12\/elsueno.jpg?fit=717%2C1024&ssl=1\" class=\"attachment-large size-large wp-image-1193\" alt=\"\" srcset=\"https:\/\/i0.wp.com\/www.miguelruibal.com\/wp-content\/uploads\/2020\/12\/elsueno.jpg?w=840&ssl=1 840w, https:\/\/i0.wp.com\/www.miguelruibal.com\/wp-content\/uploads\/2020\/12\/elsueno.jpg?resize=300%2C429&ssl=1 300w, https:\/\/i0.wp.com\/www.miguelruibal.com\/wp-content\/uploads\/2020\/12\/elsueno.jpg?resize=600%2C857&ssl=1 600w, https:\/\/i0.wp.com\/www.miguelruibal.com\/wp-content\/uploads\/2020\/12\/elsueno.jpg?resize=210%2C300&ssl=1 210w, https:\/\/i0.wp.com\/www.miguelruibal.com\/wp-content\/uploads\/2020\/12\/elsueno.jpg?resize=717%2C1024&ssl=1 717w, https:\/\/i0.wp.com\/www.miguelruibal.com\/wp-content\/uploads\/2020\/12\/elsueno.jpg?resize=768%2C1097&ssl=1 768w, https:\/\/i0.wp.com\/www.miguelruibal.com\/wp-content\/uploads\/2020\/12\/elsueno.jpg?resize=8%2C12&ssl=1 8w, https:\/\/i0.wp.com\/www.miguelruibal.com\/wp-content\/uploads\/2020\/12\/elsueno.jpg?resize=400%2C571&ssl=1 400w\" sizes=\"(max-width: 717px) 100vw, 717px\" \/>\t\t\t\t\t\t\t\t<\/a>\n\t\t\t\t\t\t\t\t\t\t\t\t\t\t\t<\/div>\n\t\t\t\t<\/div>\n\t\t\t\t<div class=\"elementor-element elementor-element-0c8d5c6 elementor-widget elementor-widget-heading\" data-id=\"0c8d5c6\" data-element_type=\"widget\" data-e-type=\"widget\" data-widget_type=\"heading.default\">\n\t\t\t\t<div class=\"elementor-widget-container\">\n\t\t\t\t\t<h2 class=\"elementor-heading-title elementor-size-large\"><a href=\"https:\/\/www.miguelruibal.com\/en\/tecnicas-mixtas\/\">mixed media<\/a><\/h2>\t\t\t\t<\/div>\n\t\t\t\t<\/div>\n\t\t\t\t\t<\/div>\n\t\t<\/div>\n\t\t\t\t<div class=\"elementor-column elementor-col-16 elementor-top-column elementor-element elementor-element-8da55c2\" data-id=\"8da55c2\" data-element_type=\"column\" data-e-type=\"column\">\n\t\t\t<div class=\"elementor-widget-wrap elementor-element-populated\">\n\t\t\t\t\t\t<div class=\"elementor-element elementor-element-00caf07 elementor-widget elementor-widget-image\" data-id=\"00caf07\" data-element_type=\"widget\" data-e-type=\"widget\" data-widget_type=\"image.default\">\n\t\t\t\t<div class=\"elementor-widget-container\">\n\t\t\t\t\t\t\t\t\t\t\t\t\t\t\t\t<a href=\"https:\/\/www.miguelruibal.com\/en\/?page_id=605\">\n\t\t\t\t\t\t\t<img loading=\"lazy\" decoding=\"async\" width=\"833\" height=\"1024\" src=\"https:\/\/i0.wp.com\/www.miguelruibal.com\/wp-content\/uploads\/2020\/12\/IMG-6836.jpg?fit=833%2C1024&ssl=1\" class=\"attachment-large size-large wp-image-1054\" alt=\"\" srcset=\"https:\/\/i0.wp.com\/www.miguelruibal.com\/wp-content\/uploads\/2020\/12\/IMG-6836.jpg?w=1220&ssl=1 1220w, https:\/\/i0.wp.com\/www.miguelruibal.com\/wp-content\/uploads\/2020\/12\/IMG-6836.jpg?resize=300%2C369&ssl=1 300w, https:\/\/i0.wp.com\/www.miguelruibal.com\/wp-content\/uploads\/2020\/12\/IMG-6836.jpg?resize=600%2C738&ssl=1 600w, https:\/\/i0.wp.com\/www.miguelruibal.com\/wp-content\/uploads\/2020\/12\/IMG-6836.jpg?resize=244%2C300&ssl=1 244w, https:\/\/i0.wp.com\/www.miguelruibal.com\/wp-content\/uploads\/2020\/12\/IMG-6836.jpg?resize=833%2C1024&ssl=1 833w, https:\/\/i0.wp.com\/www.miguelruibal.com\/wp-content\/uploads\/2020\/12\/IMG-6836.jpg?resize=768%2C944&ssl=1 768w, https:\/\/i0.wp.com\/www.miguelruibal.com\/wp-content\/uploads\/2020\/12\/IMG-6836.jpg?resize=10%2C12&ssl=1 10w, https:\/\/i0.wp.com\/www.miguelruibal.com\/wp-content\/uploads\/2020\/12\/IMG-6836.jpg?resize=900%2C1107&ssl=1 900w, https:\/\/i0.wp.com\/www.miguelruibal.com\/wp-content\/uploads\/2020\/12\/IMG-6836.jpg?resize=400%2C492&ssl=1 400w\" sizes=\"(max-width: 833px) 100vw, 833px\" \/>\t\t\t\t\t\t\t\t<\/a>\n\t\t\t\t\t\t\t\t\t\t\t\t\t\t\t<\/div>\n\t\t\t\t<\/div>\n\t\t\t\t<div class=\"elementor-element elementor-element-2e4a571 elementor-widget elementor-widget-heading\" data-id=\"2e4a571\" data-element_type=\"widget\" data-e-type=\"widget\" data-widget_type=\"heading.default\">\n\t\t\t\t<div class=\"elementor-widget-container\">\n\t\t\t\t\t<h2 class=\"elementor-heading-title elementor-size-large\"><a href=\"https:\/\/www.miguelruibal.com\/en\/?page_id=605\">works on canvas<\/a><\/h2>\t\t\t\t<\/div>\n\t\t\t\t<\/div>\n\t\t\t\t\t<\/div>\n\t\t<\/div>\n\t\t\t\t<div class=\"elementor-column elementor-col-16 elementor-top-column elementor-element elementor-element-45a8497\" data-id=\"45a8497\" data-element_type=\"column\" data-e-type=\"column\">\n\t\t\t<div class=\"elementor-widget-wrap elementor-element-populated\">\n\t\t\t\t\t\t<div class=\"elementor-element elementor-element-85ea4a2 elementor-widget elementor-widget-image\" data-id=\"85ea4a2\" data-element_type=\"widget\" data-e-type=\"widget\" data-widget_type=\"image.default\">\n\t\t\t\t<div class=\"elementor-widget-container\">\n\t\t\t\t\t\t\t\t\t\t\t\t\t\t\t\t<a href=\"https:\/\/www.miguelruibal.com\/en\/?page_id=784&preview=true\">\n\t\t\t\t\t\t\t<img loading=\"lazy\" decoding=\"async\" width=\"760\" height=\"1024\" src=\"https:\/\/i0.wp.com\/www.miguelruibal.com\/wp-content\/uploads\/2020\/12\/IMG_0002-4-scaled.jpg?fit=760%2C1024&ssl=1\" class=\"attachment-large size-large wp-image-854\" alt=\"\" srcset=\"https:\/\/i0.wp.com\/www.miguelruibal.com\/wp-content\/uploads\/2020\/12\/IMG_0002-4-scaled.jpg?w=1899&ssl=1 1899w, https:\/\/i0.wp.com\/www.miguelruibal.com\/wp-content\/uploads\/2020\/12\/IMG_0002-4-scaled.jpg?resize=300%2C404&ssl=1 300w, https:\/\/i0.wp.com\/www.miguelruibal.com\/wp-content\/uploads\/2020\/12\/IMG_0002-4-scaled.jpg?resize=600%2C809&ssl=1 600w, https:\/\/i0.wp.com\/www.miguelruibal.com\/wp-content\/uploads\/2020\/12\/IMG_0002-4-scaled.jpg?resize=223%2C300&ssl=1 223w, https:\/\/i0.wp.com\/www.miguelruibal.com\/wp-content\/uploads\/2020\/12\/IMG_0002-4-scaled.jpg?resize=760%2C1024&ssl=1 760w, https:\/\/i0.wp.com\/www.miguelruibal.com\/wp-content\/uploads\/2020\/12\/IMG_0002-4-scaled.jpg?resize=768%2C1035&ssl=1 768w, https:\/\/i0.wp.com\/www.miguelruibal.com\/wp-content\/uploads\/2020\/12\/IMG_0002-4-scaled.jpg?resize=1139%2C1536&ssl=1 1139w, https:\/\/i0.wp.com\/www.miguelruibal.com\/wp-content\/uploads\/2020\/12\/IMG_0002-4-scaled.jpg?resize=1519%2C2048&ssl=1 1519w, https:\/\/i0.wp.com\/www.miguelruibal.com\/wp-content\/uploads\/2020\/12\/IMG_0002-4-scaled.jpg?resize=900%2C1213&ssl=1 900w, https:\/\/i0.wp.com\/www.miguelruibal.com\/wp-content\/uploads\/2020\/12\/IMG_0002-4-scaled.jpg?resize=400%2C539&ssl=1 400w\" sizes=\"(max-width: 760px) 100vw, 760px\" \/>\t\t\t\t\t\t\t\t<\/a>\n\t\t\t\t\t\t\t\t\t\t\t\t\t\t\t<\/div>\n\t\t\t\t<\/div>\n\t\t\t\t<div class=\"elementor-element elementor-element-409bf41 elementor-widget elementor-widget-heading\" data-id=\"409bf41\" data-element_type=\"widget\" data-e-type=\"widget\" data-widget_type=\"heading.default\">\n\t\t\t\t<div class=\"elementor-widget-container\">\n\t\t\t\t\t<h2 class=\"elementor-heading-title elementor-size-large\"><a href=\"https:\/\/www.miguelruibal.com\/en\/?page_id=784&preview=true\">small formats<\/a><\/h2>\t\t\t\t<\/div>\n\t\t\t\t<\/div>\n\t\t\t\t\t<\/div>\n\t\t<\/div>\n\t\t\t\t<div class=\"elementor-column elementor-col-16 elementor-top-column elementor-element elementor-element-40ea138\" data-id=\"40ea138\" data-element_type=\"column\" data-e-type=\"column\">\n\t\t\t<div class=\"elementor-widget-wrap elementor-element-populated\">\n\t\t\t\t\t\t<div class=\"elementor-element elementor-element-1ad08e1 elementor-widget elementor-widget-image\" data-id=\"1ad08e1\" data-element_type=\"widget\" data-e-type=\"widget\" data-widget_type=\"image.default\">\n\t\t\t\t<div class=\"elementor-widget-container\">\n\t\t\t\t\t\t\t\t\t\t\t\t\t\t\t\t<a href=\"https:\/\/www.miguelruibal.com\/en\/test-home-page\/abstractos\/\">\n\t\t\t\t\t\t\t<img loading=\"lazy\" decoding=\"async\" width=\"1024\" height=\"768\" src=\"https:\/\/i0.wp.com\/www.miguelruibal.com\/wp-content\/uploads\/2021\/01\/DSC_0227.jpg?fit=1024%2C768&ssl=1\" class=\"attachment-large size-large wp-image-1427\" alt=\"\" srcset=\"https:\/\/i0.wp.com\/www.miguelruibal.com\/wp-content\/uploads\/2021\/01\/DSC_0227.jpg?w=1200&ssl=1 1200w, https:\/\/i0.wp.com\/www.miguelruibal.com\/wp-content\/uploads\/2021\/01\/DSC_0227.jpg?resize=300%2C225&ssl=1 300w, https:\/\/i0.wp.com\/www.miguelruibal.com\/wp-content\/uploads\/2021\/01\/DSC_0227.jpg?resize=600%2C450&ssl=1 600w, https:\/\/i0.wp.com\/www.miguelruibal.com\/wp-content\/uploads\/2021\/01\/DSC_0227.jpg?resize=1024%2C768&ssl=1 1024w, https:\/\/i0.wp.com\/www.miguelruibal.com\/wp-content\/uploads\/2021\/01\/DSC_0227.jpg?resize=768%2C576&ssl=1 768w, https:\/\/i0.wp.com\/www.miguelruibal.com\/wp-content\/uploads\/2021\/01\/DSC_0227.jpg?resize=16%2C12&ssl=1 16w, https:\/\/i0.wp.com\/www.miguelruibal.com\/wp-content\/uploads\/2021\/01\/DSC_0227.jpg?resize=900%2C675&ssl=1 900w, https:\/\/i0.wp.com\/www.miguelruibal.com\/wp-content\/uploads\/2021\/01\/DSC_0227.jpg?resize=400%2C300&ssl=1 400w\" sizes=\"(max-width: 1024px) 100vw, 1024px\" \/>\t\t\t\t\t\t\t\t<\/a>\n\t\t\t\t\t\t\t\t\t\t\t\t\t\t\t<\/div>\n\t\t\t\t<\/div>\n\t\t\t\t<div class=\"elementor-element elementor-element-3b3c529 elementor-widget elementor-widget-heading\" data-id=\"3b3c529\" data-element_type=\"widget\" data-e-type=\"widget\" data-widget_type=\"heading.default\">\n\t\t\t\t<div class=\"elementor-widget-container\">\n\t\t\t\t\t<h2 class=\"elementor-heading-title elementor-size-large\"><a href=\"https:\/\/www.miguelruibal.com\/en\/test-home-page\/abstractos\/\">abstracts<\/a><\/h2>\t\t\t\t<\/div>\n\t\t\t\t<\/div>\n\t\t\t\t\t<\/div>\n\t\t<\/div>\n\t\t\t\t\t<\/div>\n\t\t<\/section>\n\t\t\t\t<\/div>","protected":false},"excerpt":{"rendered":"<p>de la m\u00fasica obras sobre cart\u00f3n t\u00e9cnicas mixtas obras sobre tela peque\u00f1os formatos abstractos<\/p>","protected":false},"author":1,"featured_media":0,"parent":0,"menu_order":0,"comment_status":"closed","ping_status":"closed","template":"","meta":{"nf_dc_page":"","om_disable_all_campaigns":false,"_monsterinsights_skip_tracking":false,"_monsterinsights_sitenote_active":false,"_monsterinsights_sitenote_note":"","_monsterinsights_sitenote_category":0,"footnotes":""},"class_list":["post-255","page","type-page","status-publish","hentry"],"jetpack_sharing_enabled":true,"_links":{"self":[{"href":"https:\/\/www.miguelruibal.com\/en\/wp-json\/wp\/v2\/pages\/255","targetHints":{"allow":["GET"]}}],"collection":[{"href":"https:\/\/www.miguelruibal.com\/en\/wp-json\/wp\/v2\/pages"}],"about":[{"href":"https:\/\/www.miguelruibal.com\/en\/wp-json\/wp\/v2\/types\/page"}],"author":[{"embeddable":true,"href":"https:\/\/www.miguelruibal.com\/en\/wp-json\/wp\/v2\/users\/1"}],"replies":[{"embeddable":true,"href":"https:\/\/www.miguelruibal.com\/en\/wp-json\/wp\/v2\/comments?post=255"}],"version-history":[{"count":6,"href":"https:\/\/www.miguelruibal.com\/en\/wp-json\/wp\/v2\/pages\/255\/revisions"}],"predecessor-version":[{"id":1911,"href":"https:\/\/www.miguelruibal.com\/en\/wp-json\/wp\/v2\/pages\/255\/revisions\/1911"}],"wp:attachment":[{"href":"https:\/\/www.miguelruibal.com\/en\/wp-json\/wp\/v2\/media?parent=255"}],"curies":[{"name":"wp","href":"https:\/\/api.w.org\/{rel}","templated":true}]}}