{"id":14,"date":"2020-05-27T15:58:07","date_gmt":"2020-05-27T14:58:07","guid":{"rendered":"http:\/\/imported-template\/?page_id=14"},"modified":"2021-01-24T19:32:44","modified_gmt":"2021-01-24T18:32:44","slug":"about","status":"publish","type":"page","link":"https:\/\/www.miguelruibal.com\/en\/about\/","title":{"rendered":"about the artist"},"content":{"rendered":"<div data-elementor-type=\"wp-page\" data-elementor-id=\"14\" class=\"elementor elementor-14\">\n\t\t\t\t\t\t<section class=\"elementor-section elementor-top-section elementor-element elementor-element-b3aa053 elementor-section-full_width elementor-section-height-default elementor-section-height-default\" data-id=\"b3aa053\" data-element_type=\"section\" data-e-type=\"section\">\n\t\t\t\t\t\t<div class=\"elementor-container elementor-column-gap-default\">\n\t\t\t\t\t<div class=\"elementor-column elementor-col-100 elementor-top-column elementor-element elementor-element-d399218\" data-id=\"d399218\" data-element_type=\"column\" data-e-type=\"column\">\n\t\t\t<div class=\"elementor-widget-wrap elementor-element-populated\">\n\t\t\t\t\t\t<section class=\"elementor-section elementor-inner-section elementor-element elementor-element-f94bb13 elementor-section-boxed elementor-section-height-default elementor-section-height-default\" data-id=\"f94bb13\" data-element_type=\"section\" data-e-type=\"section\">\n\t\t\t\t\t\t<div class=\"elementor-container elementor-column-gap-default\">\n\t\t\t\t\t<div class=\"elementor-column elementor-col-50 elementor-inner-column elementor-element elementor-element-efe7d98\" data-id=\"efe7d98\" data-element_type=\"column\" data-e-type=\"column\">\n\t\t\t<div class=\"elementor-widget-wrap elementor-element-populated\">\n\t\t\t\t\t\t<div class=\"elementor-element elementor-element-7220676 elementor-widget elementor-widget-text-editor\" data-id=\"7220676\" data-element_type=\"widget\" data-e-type=\"widget\" data-widget_type=\"text-editor.default\">\n\t\t\t\t<div class=\"elementor-widget-container\">\n\t\t\t\t\t\t\t\t\t<p><span style=\"font-family: arial, sans-serif;\">Miguel Ruibal was born in 1955 in Montevideo, Uruguay, where he grew up. Miguel is a painter, he studied at the National School of Fine Arts in Montevideo and with the master Miguel \u00c1ngel Pareja. Throughout his life he has lived in Caracas, Venezuela and in Terrassa, Spain, where he resides nowadays and where he maintains his artistic workshop. According to Miguel, his workday involves more or less long waiting times, as a consequence of the drying on the materials with which he is working. These waiting times allow him to revise his own annotations, texts written by others, sketches and diverse stains, including photographs.<\/span><\/p>\t\t\t\t\t\t\t\t<\/div>\n\t\t\t\t<\/div>\n\t\t\t\t<div class=\"elementor-element elementor-element-d50bf11 elementor-widget elementor-widget-image\" data-id=\"d50bf11\" data-element_type=\"widget\" data-e-type=\"widget\" data-widget_type=\"image.default\">\n\t\t\t\t<div class=\"elementor-widget-container\">\n\t\t\t\t\t\t\t\t\t\t\t\t\t\t\t<img fetchpriority=\"high\" decoding=\"async\" width=\"768\" height=\"1152\" src=\"https:\/\/i0.wp.com\/www.miguelruibal.com\/wp-content\/uploads\/2020\/11\/DSC_0173-scaled.jpg?fit=768%2C1152&ssl=1\" class=\"attachment-medium_large size-medium_large wp-image-282\" alt=\"aletarnitve\" srcset=\"https:\/\/i0.wp.com\/www.miguelruibal.com\/wp-content\/uploads\/2020\/11\/DSC_0173-scaled.jpg?w=1707&ssl=1 1707w, https:\/\/i0.wp.com\/www.miguelruibal.com\/wp-content\/uploads\/2020\/11\/DSC_0173-scaled.jpg?resize=300%2C450&ssl=1 300w, https:\/\/i0.wp.com\/www.miguelruibal.com\/wp-content\/uploads\/2020\/11\/DSC_0173-scaled.jpg?resize=600%2C900&ssl=1 600w, https:\/\/i0.wp.com\/www.miguelruibal.com\/wp-content\/uploads\/2020\/11\/DSC_0173-scaled.jpg?resize=200%2C300&ssl=1 200w, https:\/\/i0.wp.com\/www.miguelruibal.com\/wp-content\/uploads\/2020\/11\/DSC_0173-scaled.jpg?resize=683%2C1024&ssl=1 683w, https:\/\/i0.wp.com\/www.miguelruibal.com\/wp-content\/uploads\/2020\/11\/DSC_0173-scaled.jpg?resize=768%2C1152&ssl=1 768w, https:\/\/i0.wp.com\/www.miguelruibal.com\/wp-content\/uploads\/2020\/11\/DSC_0173-scaled.jpg?resize=1024%2C1536&ssl=1 1024w, https:\/\/i0.wp.com\/www.miguelruibal.com\/wp-content\/uploads\/2020\/11\/DSC_0173-scaled.jpg?resize=1365%2C2048&ssl=1 1365w\" sizes=\"(max-width: 768px) 100vw, 768px\" \/>\t\t\t\t\t\t\t\t\t\t\t\t\t\t\t<\/div>\n\t\t\t\t<\/div>\n\t\t\t\t\t<\/div>\n\t\t<\/div>\n\t\t\t\t<div class=\"elementor-column elementor-col-50 elementor-inner-column elementor-element elementor-element-2addd47\" data-id=\"2addd47\" data-element_type=\"column\" data-e-type=\"column\">\n\t\t\t<div class=\"elementor-widget-wrap elementor-element-populated\">\n\t\t\t\t\t\t<div class=\"elementor-element elementor-element-9bfb99f elementor-widget elementor-widget-image\" data-id=\"9bfb99f\" data-element_type=\"widget\" data-e-type=\"widget\" data-widget_type=\"image.default\">\n\t\t\t\t<div class=\"elementor-widget-container\">\n\t\t\t\t\t\t\t\t\t\t\t\t\t\t\t<img decoding=\"async\" width=\"1024\" height=\"1024\" src=\"https:\/\/i0.wp.com\/www.miguelruibal.com\/wp-content\/uploads\/2020\/11\/perfil.jpg?fit=1024%2C1024&ssl=1\" class=\"attachment-large size-large wp-image-323\" alt=\"\" srcset=\"https:\/\/i0.wp.com\/www.miguelruibal.com\/wp-content\/uploads\/2020\/11\/perfil.jpg?w=1080&ssl=1 1080w, https:\/\/i0.wp.com\/www.miguelruibal.com\/wp-content\/uploads\/2020\/11\/perfil.jpg?resize=300%2C300&ssl=1 300w, https:\/\/i0.wp.com\/www.miguelruibal.com\/wp-content\/uploads\/2020\/11\/perfil.jpg?resize=150%2C150&ssl=1 150w, https:\/\/i0.wp.com\/www.miguelruibal.com\/wp-content\/uploads\/2020\/11\/perfil.jpg?resize=600%2C600&ssl=1 600w, https:\/\/i0.wp.com\/www.miguelruibal.com\/wp-content\/uploads\/2020\/11\/perfil.jpg?resize=1024%2C1024&ssl=1 1024w, https:\/\/i0.wp.com\/www.miguelruibal.com\/wp-content\/uploads\/2020\/11\/perfil.jpg?resize=768%2C768&ssl=1 768w, https:\/\/i0.wp.com\/www.miguelruibal.com\/wp-content\/uploads\/2020\/11\/perfil.jpg?resize=900%2C900&ssl=1 900w, https:\/\/i0.wp.com\/www.miguelruibal.com\/wp-content\/uploads\/2020\/11\/perfil.jpg?resize=400%2C400&ssl=1 400w\" sizes=\"(max-width: 1024px) 100vw, 1024px\" \/>\t\t\t\t\t\t\t\t\t\t\t\t\t\t\t<\/div>\n\t\t\t\t<\/div>\n\t\t\t\t<div class=\"elementor-element elementor-element-834026c elementor-widget elementor-widget-text-editor\" data-id=\"834026c\" data-element_type=\"widget\" data-e-type=\"widget\" data-widget_type=\"text-editor.default\">\n\t\t\t\t<div class=\"elementor-widget-container\">\n\t\t\t\t\t\t\t\t\t<p><span style=\"font-family: arial, sans-serif; text-align: justify;\">Miguel exhibits uninterruptedly since 1975 both in America and in Europe. He has been awarded in repeated opportunities for his work. His artwork can be found in private collections in Spain, USA, France, Netherlands, Mexico, Italy, Brazil, Venezuela, Canada, Ireland, Israel, Argentina and other countries. His work is also available on the Juan Manuel Blanes Museum in Montevideo.<\/span><\/p>\t\t\t\t\t\t\t\t<\/div>\n\t\t\t\t<\/div>\n\t\t\t\t<div class=\"elementor-element elementor-element-f33ba38 elementor-widget elementor-widget-image\" data-id=\"f33ba38\" data-element_type=\"widget\" data-e-type=\"widget\" data-widget_type=\"image.default\">\n\t\t\t\t<div class=\"elementor-widget-container\">\n\t\t\t\t\t\t\t\t\t\t\t\t\t\t\t<img decoding=\"async\" width=\"1024\" height=\"683\" src=\"https:\/\/i0.wp.com\/www.miguelruibal.com\/wp-content\/uploads\/2020\/11\/DSC_0191-02.jpeg?fit=1024%2C683&ssl=1\" class=\"attachment-large size-large wp-image-361\" alt=\"\" srcset=\"https:\/\/i0.wp.com\/www.miguelruibal.com\/wp-content\/uploads\/2020\/11\/DSC_0191-02.jpeg?w=1240&ssl=1 1240w, https:\/\/i0.wp.com\/www.miguelruibal.com\/wp-content\/uploads\/2020\/11\/DSC_0191-02.jpeg?resize=300%2C200&ssl=1 300w, https:\/\/i0.wp.com\/www.miguelruibal.com\/wp-content\/uploads\/2020\/11\/DSC_0191-02.jpeg?resize=600%2C400&ssl=1 600w, https:\/\/i0.wp.com\/www.miguelruibal.com\/wp-content\/uploads\/2020\/11\/DSC_0191-02.jpeg?resize=1024%2C683&ssl=1 1024w, https:\/\/i0.wp.com\/www.miguelruibal.com\/wp-content\/uploads\/2020\/11\/DSC_0191-02.jpeg?resize=768%2C512&ssl=1 768w, https:\/\/i0.wp.com\/www.miguelruibal.com\/wp-content\/uploads\/2020\/11\/DSC_0191-02.jpeg?resize=900%2C600&ssl=1 900w, https:\/\/i0.wp.com\/www.miguelruibal.com\/wp-content\/uploads\/2020\/11\/DSC_0191-02.jpeg?resize=400%2C267&ssl=1 400w\" sizes=\"(max-width: 1024px) 100vw, 1024px\" \/>\t\t\t\t\t\t\t\t\t\t\t\t\t\t\t<\/div>\n\t\t\t\t<\/div>\n\t\t\t\t\t<\/div>\n\t\t<\/div>\n\t\t\t\t\t<\/div>\n\t\t<\/section>\n\t\t\t\t<section class=\"elementor-section elementor-inner-section elementor-element elementor-element-af9fff8 elementor-section-boxed elementor-section-height-default elementor-section-height-default\" data-id=\"af9fff8\" data-element_type=\"section\" data-e-type=\"section\">\n\t\t\t\t\t\t<div class=\"elementor-container elementor-column-gap-default\">\n\t\t\t\t\t<div class=\"elementor-column elementor-col-50 elementor-inner-column elementor-element elementor-element-1c1179e\" data-id=\"1c1179e\" data-element_type=\"column\" data-e-type=\"column\">\n\t\t\t<div class=\"elementor-widget-wrap\">\n\t\t\t\t\t\t\t<\/div>\n\t\t<\/div>\n\t\t\t\t<div class=\"elementor-column elementor-col-50 elementor-inner-column elementor-element elementor-element-7b74679\" data-id=\"7b74679\" data-element_type=\"column\" data-e-type=\"column\">\n\t\t\t<div class=\"elementor-widget-wrap\">\n\t\t\t\t\t\t\t<\/div>\n\t\t<\/div>\n\t\t\t\t\t<\/div>\n\t\t<\/section>\n\t\t\t\t<section class=\"elementor-section elementor-inner-section elementor-element elementor-element-8b11b58 elementor-section-boxed elementor-section-height-default elementor-section-height-default\" data-id=\"8b11b58\" data-element_type=\"section\" data-e-type=\"section\">\n\t\t\t\t\t\t<div class=\"elementor-container elementor-column-gap-default\">\n\t\t\t\t\t<div class=\"elementor-column elementor-col-50 elementor-inner-column elementor-element elementor-element-3903656\" data-id=\"3903656\" data-element_type=\"column\" data-e-type=\"column\">\n\t\t\t<div class=\"elementor-widget-wrap\">\n\t\t\t\t\t\t\t<\/div>\n\t\t<\/div>\n\t\t\t\t<div class=\"elementor-column elementor-col-50 elementor-inner-column elementor-element elementor-element-0b0a3f7\" data-id=\"0b0a3f7\" data-element_type=\"column\" data-e-type=\"column\">\n\t\t\t<div class=\"elementor-widget-wrap\">\n\t\t\t\t\t\t\t<\/div>\n\t\t<\/div>\n\t\t\t\t\t<\/div>\n\t\t<\/section>\n\t\t\t\t\t<\/div>\n\t\t<\/div>\n\t\t\t\t\t<\/div>\n\t\t<\/section>\n\t\t\t\t<\/div>","protected":false},"excerpt":{"rendered":"<p>Miguel Ruibal naci\u00f3 en 1955 en Montevideo, Uruguay, donde creci\u00f3. Miguel es pintor, estudi\u00f3 en la Escuela Nacional de Bellas Artes de Montevideo y fue alumno del maestro uruguayo Miguel&hellip;<\/p>","protected":false},"author":1,"featured_media":0,"parent":0,"menu_order":0,"comment_status":"closed","ping_status":"closed","template":"","meta":{"nf_dc_page":"","om_disable_all_campaigns":false,"_monsterinsights_skip_tracking":false,"_monsterinsights_sitenote_active":false,"_monsterinsights_sitenote_note":"","_monsterinsights_sitenote_category":0,"footnotes":""},"class_list":["post-14","page","type-page","status-publish","hentry"],"jetpack_sharing_enabled":true,"_links":{"self":[{"href":"https:\/\/www.miguelruibal.com\/en\/wp-json\/wp\/v2\/pages\/14","targetHints":{"allow":["GET"]}}],"collection":[{"href":"https:\/\/www.miguelruibal.com\/en\/wp-json\/wp\/v2\/pages"}],"about":[{"href":"https:\/\/www.miguelruibal.com\/en\/wp-json\/wp\/v2\/types\/page"}],"author":[{"embeddable":true,"href":"https:\/\/www.miguelruibal.com\/en\/wp-json\/wp\/v2\/users\/1"}],"replies":[{"embeddable":true,"href":"https:\/\/www.miguelruibal.com\/en\/wp-json\/wp\/v2\/comments?post=14"}],"version-history":[{"count":5,"href":"https:\/\/www.miguelruibal.com\/en\/wp-json\/wp\/v2\/pages\/14\/revisions"}],"predecessor-version":[{"id":1915,"href":"https:\/\/www.miguelruibal.com\/en\/wp-json\/wp\/v2\/pages\/14\/revisions\/1915"}],"wp:attachment":[{"href":"https:\/\/www.miguelruibal.com\/en\/wp-json\/wp\/v2\/media?parent=14"}],"curies":[{"name":"wp","href":"https:\/\/api.w.org\/{rel}","templated":true}]}}